{"id":1026,"date":"2021-02-27T18:13:24","date_gmt":"2021-02-27T17:13:24","guid":{"rendered":"https:\/\/romatransfer.it\/?page_id=1026"},"modified":"2026-04-17T11:48:52","modified_gmt":"2026-04-17T09:48:52","slug":"terms-and-conditions","status":"publish","type":"page","link":"https:\/\/romatransfer.it\/en\/terms-and-conditions\/","title":{"rendered":"Terms and Conditions"},"content":{"rendered":"  <div id=\"page-header-1857967220\" class=\"page-header-wrapper\">\n  <div class=\"page-title dark featured-title\">\n\n    \n    <div class=\"page-title-inner container align-center flex-row medium-flex-wrap\" >\n              <div class=\"title-wrapper flex-col text-left medium-text-center\">\n          <h1 class=\"entry-title mb-0\">\n            Terms and Conditions          <\/h1>\n        <\/div>\n                    <div class=\"title-content flex-col flex-right text-right medium-text-center\">\n        <ul class=\"nav sm-touch-scroll nav-line nav-uppercase text-left nav-left\"><li class=\"nav-single-page hidden\"><\/li><\/ul>      <\/div>\n    <\/div>\n\n     \n<style>\n#page-header-1857967220 {\n  margin-bottom: 30px;\n}\n<\/style>\n  <\/div>\n    <\/div>\n  \n<div class=\"row\"  id=\"row-288775300\">\n\n\t<div id=\"col-254158533\" class=\"col small-12 large-12\"  >\n\t\t\t\t<div class=\"col-inner\"  >\n\t\t\t\n\t\t\t\n<p>I seguenti termini e condizioni saranno applicati alle prenotazioni dei servizi effettuate da:<\/p>\n<p>ROMATRANSFER SOC.COOP.\u00a0(da ora indicato come\u00a0Roma Transfer)<br \/>\nVIA VALDEROA 10E<br \/>\nCAP 00054 ROMA<br \/>\nP.IVA\u00a014177901007<br \/>\nCodice Fiscale14177901007<br \/>\n<a href=\"https:\/\/romatransfer.it\/\">www.romatransfer.it<\/a><\/p>\n<p>1. Prenotazione del servizio e Voucher<br \/>\nAll&#8217;atto della prenotazione,\u00a0Roma Transfer\u00a0invier\u00e0 i dettagli e i dati relativi alla prenotazione, via e-mail o via fax. Questo documento di conferma \u00e8 il vostro voucher che dovr\u00e0 essere conservato e presentato agli autisti che svolgeranno il servizio.Il voucher include anche l&#8217;eventuale prenotazione per il ritorno; \u00e8 importante conservarla per tutto il tempo necessario.<\/p>\n<p>Ogni prenotazione \u00e8 soggetta all&#8217;accettazione da parte del cliente dei presenti termini e condizioni. Essi sono disponibili sul nostro sito\u00a0<a href=\"https:\/\/romatransfer.it\/\">www.romatransfer.it<\/a>\u00a0su richiesta potranno essere inviati via e-mail o via fax.<\/p>\n<p>2. Regole della prenotazione<br \/>\nLe destinazioni e gli indirizzi presenti sul vostro voucher si intendono esserei luoghi dove desiderate essere accompagnati e\/o prelevati. Se desiderate cambiare questi o altri dettagli inerenti al servizio, potrete richiederlo con congruo anticipo e comunque non oltre 3 ore prima dell\u2019inizio del servizio.<\/p>\n<p>Vi informiamo, sin da ora, che tali richieste potrebbero comportare variazioni di prezzo e modifica del tipo di vettura, diversamente da quanto accordato nella prenotazione originale.<br \/>\nIn ogni caso si informa che la richiesta della vettura specifica non sempre potr\u00e0 essere esaudita; sar\u00e0 nostra cura garantire una capacit\u00e0 di trasporto ed una qualit\u00e0 del mezzo almeno pari a quella concordata.<\/p>\n<p>3. Comunicazioni di ritardo<br \/>\nIn caso di volo cancellato o di ritardo superiore a 30 minuti, alla partenza \u00e8 fatto obbligo al cliente di avvisare i nostri addetti in una delle seguenti modalit\u00e0al fine di potergestireil servizio in modo ottimale<\/p>\n<ul>\n<li style=\"list-style-type: none;\">\n<ul>\n<li>tramite telefonata\/SMS\/WhatsApp al numero\u00a0<a href=\"tel:+393357043961\">(+39) 335.70.43.961<\/a><\/li>\n<li>inviando una e-mail a\u00a0<a href=\"mailto:info@romatransfer.it\">info@romatransfer.it<\/a><\/li>\n<\/ul>\n<\/li>\n<\/ul>\n<div>\n<p>Il mancato invio dell&#8217;avviso di ritardo o di volo cancellato, esclude il diritto del servizio, infatti i nostri autisti dopo 60 minuti di attesa dopo l&#8217;atterraggio del volo schedulato e senza vostre notizie,abbonderanno la posizione.<\/p>\n<p>3. Cancellazione della prenotazione<br \/>\nIl cliente potr\u00e0 effettuare la cancellazione della prenotazione del sevizio richiesto tramite e-mail o fax.<br \/>\nLa prenotazione si riterr\u00e0 cancellata quando\u00a0Roma Transfer\u00a0ricever\u00e0 comunicazione scritta ad uno dei seguenti recapiti:<\/p>\n<\/div>\n<ul>\n<li style=\"list-style-type: none;\">\n<ul>\n<li><a href=\"mailto:info@romatransfer.it\">info@romatransfer.it<\/a><\/li>\n<li><a href=\"tel:+393357043961\">(+39) 335.70.43.961<\/a><\/li>\n<\/ul>\n<\/li>\n<\/ul>\n<div>\n<p>Le cancellazioni potranno essere effettuate,senza incorrere in alcuna spesa, fino a 2 ore prima dell\u2019inizio del servizio<\/p>\n<p>4. Bagagli<br \/>\nOgni passeggero potr\u00e0 trasportare con se fino ad un massimo di 4 valigie; ogni eccedenza di bagaglio come ad esempio: sci, snowboard ed equipaggiamenti ingombranti devono necessariamente essere dichiarati all&#8217;atto della prenotazione.<br \/>\nResta a discrezione degli autisti e potrebbe comportare un maggiore costo di caricare sulle vetture oggetti ingombranti non dichiarati o valige in eccesso o che non presentano le condizioni di trasporto in sicurezza. (valige rotte, sporche, bagnate ecc.).<\/p>\n<p>5. Divieti<br \/>\nRoma Transfer\u00a0si riserva il diritto (a mezzo dei propri autisti e segnalando ogni abuso agli organi di pubblica sicurezza) di rifiutare il trasporto a persone che si trovano sotto l&#8217;influenza di alcool o droghe o che costituiscano un pericolo per l&#8217;autista della vettura e per gli altri passeggeri. Ai passeggeri non \u00e8 consentitodi bere alcool e\/o fumare nei veicoli utilizzati per il servizio di trasporto.<\/p>\n<p>6. Limiti di responsabilit\u00e0<br \/>\nIl trasporto dei passeggeri \u00e8 interamente coperto dell&#8217;assicurazione che\u00a0Roma Transfer\u00a0ha stipulato per i propri mezzi con terze parti. Gli oggetti trasportati dai passeggeri, invece, sono interamente sotto la loro responsabilit\u00e0. Responsabilit\u00e0 di perdite o danneggiamenti di oggetti o bagagli trasportati non potranno essere imputati in alcun modo a\u00a0Roma Transfer\u00a0Si invitano i clienti a controllare alla partenza la corrispondenza deipropri bagagli.<\/p>\n<p>Roma Transfer\u00a0si impegna in ogni ragionevole modo a far giungere i propri clienti agli appuntamenti di prelievo e arrivo a destinazione come da prenotazione effettuata.<br \/>\nSi specifica sin da ora che\u00a0Roma Transfer\u00a0non potr\u00e0 comunque essere giudicata responsabile di eventuali ritardi dovuti da cause al di fuori del proprio controllo, come a titolo esemplificativo ma non esaustivo:<\/p>\n<\/div>\n<ul>\n<li style=\"list-style-type: none;\">\n<ul>\n<li>incidenti al veicolo<\/li>\n<li>eccezionali e severe condizioni climatiche<\/li>\n<li>controlli da parte degli organi di polizia<\/li>\n<li>atti vandalici o di terrorismo<\/li>\n<li>blocchi del traffico<\/li>\n<li>manifestazioni e scioperi<\/li>\n<li>ritardi causati da altri passeggeri<\/li>\n<li>prenotazioni eseguite con errati dettagli circa date orari ecc.<\/li>\n<li>mancanza di informazioni circa le partenze e gli arrivi da parte del cliente<\/li>\n<\/ul>\n<\/li>\n<\/ul>\n<p>Qualora\u00a0Roma Transfer\u00a0risultasse impossibilitata ad effettuare il servizio, non per cause di forza maggiore ma per altre ragioni, provveder\u00e0 a coprire a proprie spese il servizio in altri modi organizzando il trasferimento con mezzi come taxi, autovetture di altri partner in alternativa a rimborsare successivamente il cliente. Il rimborso per il mancato servizio non potr\u00e0 superare il prezzo eventualmente gi\u00e0 pagato o concordato per il servizio stesso.<\/p>\n<p>\u00c8 fatto obbligo al cliente di comunicare ai recapiti sopra riportati, nel pi\u00f9 breve tempo possibile, eventuali disservizi direttamente imputabili al nostro operato. Sar\u00e0 nostra cura attivarci per cercare di risolvere velocemente ogni disagio e problematica nella piena soddisfazione del cliente.<\/p>\n<p>Queste condizioni di trasporto e tutti i servizi ad essi collegati rispettano le leggi che regolamentano la vendita di servizi in Italia. Ogni disputa o controversia riguardo le attivit\u00e0 svolte tra\u00a0Roma Transfer\u00a0e il cliente, sar\u00e0 soggetta alla giurisdizione esclusiva del foro di Fiumicino .<\/p>\n<p>Roma Transfer\u00a0si riserva il diritto di variare in ogni momento tutto o parte il presente senza doverne necessariamente dare preavviso ai clienti, soci, tour operator o agenzie.<\/p>\n\t\t<\/div>\n\t\t\t\t\t<\/div>\n\n\t\n<\/div>\n","protected":false},"excerpt":{"rendered":"","protected":false},"author":6,"featured_media":0,"parent":0,"menu_order":0,"comment_status":"closed","ping_status":"closed","template":"page-blank.php","meta":{"inline_featured_image":false,"footnotes":""},"class_list":["post-1026","page","type-page","status-publish","hentry"],"_links":{"self":[{"href":"https:\/\/romatransfer.it\/en\/wp-json\/wp\/v2\/pages\/1026","targetHints":{"allow":["GET"]}}],"collection":[{"href":"https:\/\/romatransfer.it\/en\/wp-json\/wp\/v2\/pages"}],"about":[{"href":"https:\/\/romatransfer.it\/en\/wp-json\/wp\/v2\/types\/page"}],"author":[{"embeddable":true,"href":"https:\/\/romatransfer.it\/en\/wp-json\/wp\/v2\/users\/6"}],"replies":[{"embeddable":true,"href":"https:\/\/romatransfer.it\/en\/wp-json\/wp\/v2\/comments?post=1026"}],"version-history":[{"count":3,"href":"https:\/\/romatransfer.it\/en\/wp-json\/wp\/v2\/pages\/1026\/revisions"}],"predecessor-version":[{"id":1030,"href":"https:\/\/romatransfer.it\/en\/wp-json\/wp\/v2\/pages\/1026\/revisions\/1030"}],"wp:attachment":[{"href":"https:\/\/romatransfer.it\/en\/wp-json\/wp\/v2\/media?parent=1026"}],"curies":[{"name":"wp","href":"https:\/\/api.w.org\/{rel}","templated":true}]}}