{"id":1055,"date":"2021-02-27T18:15:56","date_gmt":"2021-02-27T17:15:56","guid":{"rendered":"https:\/\/romatransfer.it\/?page_id=1055"},"modified":"2026-04-17T13:10:45","modified_gmt":"2026-04-17T11:10:45","slug":"civitavecchia-transfer","status":"publish","type":"page","link":"https:\/\/romatransfer.it\/en\/civitavecchia-transfer\/","title":{"rendered":"Civitavecchia Transfer"},"content":{"rendered":"\n\t<section class=\"section dark\" id=\"section_1554797537\">\n\t\t<div class=\"section-bg fill\" >\n\t\t\t<img loading=\"lazy\" decoding=\"async\" width=\"955\" height=\"329\" src=\"https:\/\/romatransfer.it\/wp-content\/uploads\/bg-banner-roma-transfer-civitavecchia.jpg\" class=\"bg attachment-original size-original\" alt=\"\" title=\"\">\t\t\t\t\t\t\n\t\t\t\n\n\t\t<\/div>\n\n\t\t\n\n\t\t<div class=\"section-content relative\">\n\t\t\t\n<div class=\"row row-full-width align-bottom align-center\"  id=\"row-2027681753\">\n\n\t<div id=\"col-1400864840\" class=\"col medium-7 small-12 large-10\"  >\n\t\t\t\t<div class=\"col-inner text-right dark\"  >\n\t\t\t\n\t\t\t\n\t<div id=\"gap-262791331\" class=\"gap-element clearfix\" style=\"display:block; height:auto;\">\n\t\t\n<style>\n#gap-262791331 {\n  padding-top: 50px;\n}\n<\/style>\n\t<\/div>\n\t\n\t<div id=\"text-1158583508\" class=\"text\">\n\t\t\n<h1 class=\"alt-font\">Transfer Civitavecchia<\/h1>\n\t\t\n<style>\n#text-1158583508 {\n  text-align: center;\n}\n@media (min-width:850px) {\n  #text-1158583508 {\n    text-align: right;\n  }\n}\n<\/style>\n\t<\/div>\n\t\n\t\t<\/div>\n\t\t\t\t\n<style>\n#col-1400864840 > .col-inner {\n  padding: 0px 0px 0px 0px;\n}\n<\/style>\n\t<\/div>\n\n\t\n<\/div>\n\t\t<\/div>\n\n\t\t\n<style>\n#section_1554797537 {\n  padding-top: 30px;\n  padding-bottom: 30px;\n  min-height: 250px;\n}\n#section_1554797537 .section-bg-overlay {\n  background-color: rgba(0, 0, 0, 0.4);\n}\n#section_1554797537 .section-bg img {\n  object-position: 26% 53%;\n}\n@media (min-width:550px) {\n  #section_1554797537 {\n    min-height: 25px;\n  }\n}\n@media (min-width:850px) {\n  #section_1554797537 {\n    min-height: 300px;\n  }\n}\n<\/style>\n\t<\/section>\n\t\n<div class=\"row\"  id=\"row-318221232\">\n\n\t<div id=\"col-263986544\" class=\"col small-12 large-12\"  >\n\t\t\t\t<div class=\"col-inner\"  >\n\t\t\t\n\t\t\t\n<h2 class=\"alt-font\" style=\"text-align: center;\">Prenota in anticipo il tuo viaggio e scegli il nostro servizio Civitavecchia transfer<\/h2>\n<p>Viaggia in totale relax e prenota subito il\u00a0<strong>Civitavecchia transfer<\/strong>, il servizio della nostra agenzia di noleggio auto con conducente disponibile tutti i giorni per tutto l\u2019anno. Rilassati a bordo di eleganti autovetture e comodi minivan guidati da autisti esperti. Ti garantiamo il miglior servizio a un prezzo di eccellenza.<\/p>\n<p>Il\u00a0<strong>transfer Civitavecchia<\/strong>\u00a0\u00e8 uno dei servizi pi\u00f9 richiesti dai turisti in arrivo, in partenza o in transito al Porto di Roma. La Citt\u00e0 Eterna dista circa 90 km, per un totale di 60 minuti di viaggio. Ti verr\u00e0 affidato uno chauffeur professionista, conoscitore esperto del territorio e di tutte le strade alternative al traffico. I nostri mezzi sono controllati regolarmente e per questo garantiamo un viaggio in totale relax, con rispetto della privacy e in assoluta sicurezza.<\/p>\n\t\t<\/div>\n\t\t\t\t\t<\/div>\n\n\t\n<\/div>\n<div class=\"row row-large align-center hide-for-small\"  id=\"row-1639669867\">\n\n\t<div id=\"col-964549122\" class=\"col medium-6 small-11 large-6\"  >\n\t\t\t\t<div class=\"col-inner\"  >\n\t\t\t\n\t\t\t\n\t<div id=\"text-1292746774\" class=\"text\">\n\t\t\n<p><span data-text-color=\"primary\"><strong>Transfer da\/per<\/strong><\/span><br \/>\n\t\t\n<style>\n#text-1292746774 {\n  font-size: 1.4rem;\n}\n<\/style>\n\t<\/div>\n\t\n\t<div id=\"text-2130646873\" class=\"text\">\n\t\t\n<div class=\"col-md-5\"><span class=\"Titolo2\">Porto Civitavecchia-Roma<\/span><\/div>\n\t\t\n<style>\n#text-2130646873 {\n  font-size: 1.4rem;\n}\n<\/style>\n\t<\/div>\n\t\n\t\t<\/div>\n\t\t\t\t\t<\/div>\n\n\t\n\n\t<div id=\"col-1156479160\" class=\"col medium-2 small-4 large-2\"  >\n\t\t\t\t<div class=\"col-inner\"  >\n\t\t\t\n\t\t\t\n\t<div id=\"text-3097716737\" class=\"text\">\n\t\t\n<p><span data-text-color=\"primary\"><strong>1-2 pax<\/strong><\/span><br \/>\n\t\t\n<style>\n#text-3097716737 {\n  font-size: 1.4rem;\n  text-align: center;\n}\n<\/style>\n\t<\/div>\n\t\n\t<div id=\"text-2523093178\" class=\"text\">\n\t\t\n<p>\u20ac 140<br \/>\n\t\t\n<style>\n#text-2523093178 {\n  font-size: 1.4rem;\n  text-align: center;\n}\n<\/style>\n\t<\/div>\n\t\n\t\t<\/div>\n\t\t\t\t\t<\/div>\n\n\t\n\n\t<div id=\"col-1314279078\" class=\"col medium-2 small-4 large-2\"  >\n\t\t\t\t<div class=\"col-inner\"  >\n\t\t\t\n\t\t\t\n\t<div id=\"text-2720140390\" class=\"text\">\n\t\t\n<p><span data-text-color=\"primary\"><strong>4-6 pax<\/strong><\/span><br \/>\n\t\t\n<style>\n#text-2720140390 {\n  font-size: 1.4rem;\n  text-align: center;\n}\n<\/style>\n\t<\/div>\n\t\n\t<div id=\"text-1907409667\" class=\"text\">\n\t\t\n<p>\u20ac 160<br \/>\n\t\t\n<style>\n#text-1907409667 {\n  font-size: 1.4rem;\n  text-align: center;\n}\n<\/style>\n\t<\/div>\n\t\n\t\t<\/div>\n\t\t\t\t\t<\/div>\n\n\t\n\n\t<div id=\"col-1075962853\" class=\"col medium-2 small-4 large-2\"  >\n\t\t\t\t<div class=\"col-inner\"  >\n\t\t\t\n\t\t\t\n\t<div id=\"text-1507140560\" class=\"text\">\n\t\t\n<p><span data-text-color=\"primary\"><strong>7-8 pax<\/strong><\/span><br \/>\n\t\t\n<style>\n#text-1507140560 {\n  font-size: 1.4rem;\n  text-align: center;\n}\n<\/style>\n\t<\/div>\n\t\n\t<div id=\"text-3034142040\" class=\"text\">\n\t\t\n<p>\u20ac 180<br \/>\n\t\t\n<style>\n#text-3034142040 {\n  font-size: 1.4rem;\n  text-align: center;\n}\n<\/style>\n\t<\/div>\n\t\n\t\t<\/div>\n\t\t\t\t\t<\/div>\n\n\t\n\n<style>\n#row-1639669867 > .col > .col-inner {\n  padding: 30px 0px 0px 0px;\n}\n<\/style>\n<\/div>\n<div class=\"row row-small show-for-small\"  id=\"row-436906692\">\n\n\t<div id=\"col-605177839\" class=\"col medium-4 small-12 large-3\"  >\n\t\t\t\t<div class=\"col-inner\"  >\n\t\t\t\n\t\t\t\n\t<div id=\"text-3113799775\" class=\"text\">\n\t\t\n<p><span data-text-color=\"primary\"><strong>Transfer da\/per<\/strong><\/span><br \/>\n\t\t\n<style>\n#text-3113799775 {\n  font-size: 1.2rem;\n  text-align: center;\n}\n<\/style>\n\t<\/div>\n\t\n\t\t<\/div>\n\t\t\t\t\t<\/div>\n\n\t\n\n\t<div id=\"col-954001558\" class=\"col medium-3 small-4 large-3\"  >\n\t\t\t\t<div class=\"col-inner\"  >\n\t\t\t\n\t\t\t\n\t<div id=\"text-2244508118\" class=\"text\">\n\t\t\n<p><span data-text-color=\"primary\"><strong>1-3 pax<\/strong><\/span><br \/>\n\t\t\n<style>\n#text-2244508118 {\n  font-size: 1.2rem;\n  text-align: center;\n}\n<\/style>\n\t<\/div>\n\t\n\t\t<\/div>\n\t\t\t\t\t<\/div>\n\n\t\n\n\t<div id=\"col-203449372\" class=\"col medium-2 small-4 large-3\"  >\n\t\t\t\t<div class=\"col-inner\"  >\n\t\t\t\n\t\t\t\n\t<div id=\"text-1654896807\" class=\"text\">\n\t\t\n<p><span data-text-color=\"primary\"><strong>4-6 pax<\/strong><\/span><br \/>\n\t\t\n<style>\n#text-1654896807 {\n  font-size: 1.2rem;\n  text-align: center;\n}\n<\/style>\n\t<\/div>\n\t\n\t\t<\/div>\n\t\t\t\t\t<\/div>\n\n\t\n\n\t<div id=\"col-1904718465\" class=\"col medium-3 small-4 large-3\"  >\n\t\t\t\t<div class=\"col-inner\"  >\n\t\t\t\n\t\t\t\n\t<div id=\"text-427064500\" class=\"text\">\n\t\t\n<p><span data-text-color=\"primary\"><strong>7-9 pax<\/strong><\/span><br \/>\n\t\t\n<style>\n#text-427064500 {\n  font-size: 1.2rem;\n  text-align: center;\n}\n<\/style>\n\t<\/div>\n\t\n\t\t<\/div>\n\t\t\t\t\t<\/div>\n\n\t\n\n\t<div id=\"col-657372908\" class=\"col medium-4 small-12 large-3\"  >\n\t\t\t\t<div class=\"col-inner\"  >\n\t\t\t\n\t\t\t\n\t<div id=\"text-1039597272\" class=\"text\">\n\t\t\n<p><strong>Porto Civitavecchia-Roma<\/strong><br \/>\n\t\t\n<style>\n#text-1039597272 {\n  font-size: 1.2rem;\n  line-height: 0.75;\n  text-align: center;\n}\n<\/style>\n\t<\/div>\n\t\n\t\t<\/div>\n\t\t\t\t\t<\/div>\n\n\t\n\n\t<div id=\"col-487036555\" class=\"col medium-3 small-4 large-3\"  >\n\t\t\t\t<div class=\"col-inner\"  >\n\t\t\t\n\t\t\t\n\t<div id=\"text-4185359026\" class=\"text\">\n\t\t\n<p>\u20ac 140<br \/>\n\t\t\n<style>\n#text-4185359026 {\n  font-size: 1.2rem;\n  text-align: center;\n}\n<\/style>\n\t<\/div>\n\t\n\t\t<\/div>\n\t\t\t\t\t<\/div>\n\n\t\n\n\t<div id=\"col-426664643\" class=\"col medium-3 small-4 large-3\"  >\n\t\t\t\t<div class=\"col-inner\"  >\n\t\t\t\n\t\t\t\n\t<div id=\"text-644324919\" class=\"text\">\n\t\t\n<p>\u20ac 160<br \/>\n\t\t\n<style>\n#text-644324919 {\n  font-size: 1.2rem;\n  text-align: center;\n}\n<\/style>\n\t<\/div>\n\t\n\t\t<\/div>\n\t\t\t\t\t<\/div>\n\n\t\n\n\t<div id=\"col-1646620868\" class=\"col medium-2 small-4 large-3\"  >\n\t\t\t\t<div class=\"col-inner\"  >\n\t\t\t\n\t\t\t\n\t<div id=\"text-2393118877\" class=\"text\">\n\t\t\n<p>\u20ac 180<br \/>\n\t\t\n<style>\n#text-2393118877 {\n  font-size: 1.2rem;\n  text-align: center;\n}\n<\/style>\n\t<\/div>\n\t\n\t\t<\/div>\n\t\t\t\t\t<\/div>\n\n\t\n<\/div>\n<div class=\"row\"  id=\"row-1615976349\">\n\n\t<div id=\"col-1610305787\" class=\"col small-12 large-12\"  >\n\t\t\t\t<div class=\"col-inner text-center\"  >\n\t\t\t\n\t\t\t\n<a href=\"https:\/\/romatransfer.it\/#booking\" class=\"button success is-large\" style=\"border-radius:10px;\">\n\t\t<span>Prenota il transfer Civitavecchia<\/span>\n\t<\/a>\n\n\t\t<\/div>\n\t\t\t\t\t<\/div>\n\n\t\n<\/div>\n<div class=\"row row-small row-full-width align-equal align-center\"  id=\"row-2003213917\">\n\n\t<div id=\"col-666111781\" class=\"col medium-4 small-12 large-4\"  >\n\t\t\t\t<div class=\"col-inner\"  >\n\t\t\t\n\t\t\t\n\t<div class=\"img has-hover x md-x lg-x y md-y lg-y\" id=\"image_973007753\">\n\t\t\t\t\t\t\t\t<div class=\"img-inner dark\" >\n\t\t\t<img loading=\"lazy\" decoding=\"async\" width=\"750\" height=\"480\" src=\"https:\/\/romatransfer.it\/wp-content\/uploads\/transfer-civitavecchia.jpg\" class=\"attachment-original size-original\" alt=\"\" srcset=\"https:\/\/romatransfer.it\/wp-content\/uploads\/transfer-civitavecchia.jpg 750w, https:\/\/romatransfer.it\/wp-content\/uploads\/transfer-civitavecchia-300x192.jpg 300w\" sizes=\"auto, (max-width: 750px) 100vw, 750px\" title=\"\">\t\t\t\t\t\t\n\t\t\t\t\t<\/div>\n\t\t\t\t\t\t\t\t\n<style>\n#image_973007753 {\n  width: 100%;\n}\n<\/style>\n\t<\/div>\n\t\n\t\t<\/div>\n\t\t\t\t\t<\/div>\n\n\t\n\n\t<div id=\"col-1503302882\" class=\"col hide-for-small medium-4 small-12 large-4\"  >\n\t\t\t\t<div class=\"col-inner\"  >\n\t\t\t\n\t\t\t\n\t<div class=\"img has-hover x md-x lg-x y md-y lg-y\" id=\"image_557882529\">\n\t\t\t\t\t\t\t\t<div class=\"img-inner dark\" >\n\t\t\t<img loading=\"lazy\" decoding=\"async\" width=\"750\" height=\"480\" src=\"https:\/\/romatransfer.it\/wp-content\/uploads\/civitavecchia-transfer-roma.jpg\" class=\"attachment-original size-original\" alt=\"\" srcset=\"https:\/\/romatransfer.it\/wp-content\/uploads\/civitavecchia-transfer-roma.jpg 750w, https:\/\/romatransfer.it\/wp-content\/uploads\/civitavecchia-transfer-roma-300x192.jpg 300w\" sizes=\"auto, (max-width: 750px) 100vw, 750px\" title=\"\">\t\t\t\t\t\t\n\t\t\t\t\t<\/div>\n\t\t\t\t\t\t\t\t\n<style>\n#image_557882529 {\n  width: 100%;\n}\n<\/style>\n\t<\/div>\n\t\n\t\t<\/div>\n\t\t\t\t\t<\/div>\n\n\t\n\n\t<div id=\"col-2067450403\" class=\"col hide-for-small medium-4 small-12 large-4\"  >\n\t\t\t\t<div class=\"col-inner\"  >\n\t\t\t\n\t\t\t\n\t<div class=\"img has-hover x md-x lg-x y md-y lg-y\" id=\"image_1028076567\">\n\t\t\t\t\t\t\t\t<div class=\"img-inner dark\" >\n\t\t\t<img loading=\"lazy\" decoding=\"async\" width=\"750\" height=\"480\" src=\"https:\/\/romatransfer.it\/wp-content\/uploads\/transfer-civitavecchia-roma.jpg\" class=\"attachment-original size-original\" alt=\"\" srcset=\"https:\/\/romatransfer.it\/wp-content\/uploads\/transfer-civitavecchia-roma.jpg 750w, https:\/\/romatransfer.it\/wp-content\/uploads\/transfer-civitavecchia-roma-300x192.jpg 300w\" sizes=\"auto, (max-width: 750px) 100vw, 750px\" title=\"\">\t\t\t\t\t\t\n\t\t\t\t\t<\/div>\n\t\t\t\t\t\t\t\t\n<style>\n#image_1028076567 {\n  width: 100%;\n}\n<\/style>\n\t<\/div>\n\t\n\t\t<\/div>\n\t\t\t\t\t<\/div>\n\n\t\n<\/div>\n<div class=\"row\"  id=\"row-98867059\">\n\n\t<div id=\"col-710548080\" class=\"col medium-12 small-12 large-12\"  >\n\t\t\t\t<div class=\"col-inner text-left\"  >\n\t\t\t\n\t\t\t\n\t<div id=\"text-2196339069\" class=\"text\">\n\t\t\n<p class=\"alt-font\"><span data-text-color=\"primary\">Scegli il transfer Civitavecchia Roma per viaggi di piacere o affari<\/span><\/p>\n\t\t\n<style>\n#text-2196339069 {\n  font-size: 1.4rem;\n  text-align: center;\n}\n<\/style>\n\t<\/div>\n\t\n<p>I clienti abituali che cercano il servizio transfer Civitavecchia Rome sono principalmente passeggeri delle grandi navi da crociera, in sosta nel porto navale pi\u00f9 importante della capitale. Tra le diverse richieste arrivate alla nostra agenzia troviamo non solo amici, coppie e famiglie, ma anche uomini d\u2019affari, dirigenti e imprenditori che hanno bisogno di un autista privato per un transfer Rome Airport Civitavecchia, cio\u00e8 un servizio di noleggio auto con conducente da\/per l\u2019aeroporto di Fiumicino a Civitavecchia.<\/p>\n<p>Prenotando il transfer Fiumicino Civitavecchia troverai al tuo arrivo un autista in attesa nell\u2019area del terminal dell\u2019aeroporto o al molo delle navi da crociera, con un cartello recante il nome usato in fase di prenotazione.<\/p>\n\t\t<\/div>\n\t\t\t\t\t<\/div>\n\n\t\n<\/div>\n\n\t<section class=\"section\" id=\"section_1978136671\">\n\t\t<div class=\"section-bg fill\" >\n\t\t\t\t\t\t\t\t\t<div class=\"section-bg-overlay absolute fill\"><\/div>\n\t\t\t\n\n\t\t<\/div>\n\n\t\t\n\n\t\t<div class=\"section-content relative\">\n\t\t\t\n<div class=\"row row-large row-full-width align-middle align-center\"  id=\"row-624558884\">\n\n\t<div id=\"col-416066274\" class=\"col medium-3 small-12 large-3\"  >\n\t\t\t\t<div class=\"col-inner\"  >\n\t\t\t\n\t\t\t\n\t<div class=\"img has-hover x md-x lg-x y md-y lg-y\" id=\"image_1549038337\">\n\t\t\t\t\t\t\t\t<div class=\"img-inner dark\" >\n\t\t\t<img loading=\"lazy\" decoding=\"async\" width=\"500\" height=\"330\" src=\"https:\/\/romatransfer.it\/wp-content\/uploads\/macchine-servizi-e-tariffe-ncc-roma-mercedes-class-e.png\" class=\"attachment-original size-original\" alt=\"\" srcset=\"https:\/\/romatransfer.it\/wp-content\/uploads\/macchine-servizi-e-tariffe-ncc-roma-mercedes-class-e.png 500w, https:\/\/romatransfer.it\/wp-content\/uploads\/macchine-servizi-e-tariffe-ncc-roma-mercedes-class-e-300x198.png 300w\" sizes=\"auto, (max-width: 500px) 100vw, 500px\" title=\"\">\t\t\t\t\t\t\n\t\t\t\t\t<\/div>\n\t\t\t\t\t\t\t\t\n<style>\n#image_1549038337 {\n  width: 100%;\n}\n<\/style>\n\t<\/div>\n\t\n\t<div id=\"text-1713188335\" class=\"text\">\n\t\t\n<p class=\"alt-font\"><strong><span style=\"font-size: 130%;\">Berlina Classe E<\/span><\/strong><\/p>\n<p class=\"alt-font\"><span data-text-color=\"primary\"><strong>da 1 a 3 persone<\/strong><\/span><\/p>\n\t\t\n<style>\n#text-1713188335 {\n  line-height: 1;\n  text-align: center;\n}\n<\/style>\n\t<\/div>\n\t\n\t\t<\/div>\n\t\t\t\t\t<\/div>\n\n\t\n\n\t<div id=\"col-2079135548\" class=\"col medium-3 small-12 large-3\"  >\n\t\t\t\t<div class=\"col-inner\"  >\n\t\t\t\n\t\t\t\n\t<div class=\"img has-hover x md-x lg-x y md-y lg-y\" id=\"image_742427961\">\n\t\t\t\t\t\t\t\t<div class=\"img-inner dark\" >\n\t\t\t<img loading=\"lazy\" decoding=\"async\" width=\"500\" height=\"330\" src=\"https:\/\/romatransfer.it\/wp-content\/uploads\/macchine-servizi-e-tariffe-ncc-roma-mercedes-class-v.png\" class=\"attachment-original size-original\" alt=\"\" srcset=\"https:\/\/romatransfer.it\/wp-content\/uploads\/macchine-servizi-e-tariffe-ncc-roma-mercedes-class-v.png 500w, https:\/\/romatransfer.it\/wp-content\/uploads\/macchine-servizi-e-tariffe-ncc-roma-mercedes-class-v-300x198.png 300w\" sizes=\"auto, (max-width: 500px) 100vw, 500px\" title=\"\">\t\t\t\t\t\t\n\t\t\t\t\t<\/div>\n\t\t\t\t\t\t\t\t\n<style>\n#image_742427961 {\n  width: 100%;\n}\n<\/style>\n\t<\/div>\n\t\n\t<div id=\"text-3875690486\" class=\"text\">\n\t\t\n<p class=\"alt-font\"><strong><span style=\"font-size: 130%;\">Minivan Classe V<\/span><\/strong><\/p>\n<p class=\"alt-font\"><span data-text-color=\"primary\"><strong>da 4 a 6 persone<\/strong><\/span><\/p>\n\t\t\n<style>\n#text-3875690486 {\n  line-height: 1;\n  text-align: center;\n}\n<\/style>\n\t<\/div>\n\t\n\t\t<\/div>\n\t\t\t\t\t<\/div>\n\n\t\n\n\t<div id=\"col-239876044\" class=\"col medium-3 small-12 large-3\"  >\n\t\t\t\t<div class=\"col-inner\"  >\n\t\t\t\n\t\t\t\n\t<div class=\"img has-hover x md-x lg-x y md-y lg-y\" id=\"image_320933181\">\n\t\t\t\t\t\t\t\t<div class=\"img-inner dark\" >\n\t\t\t<img loading=\"lazy\" decoding=\"async\" width=\"380\" height=\"251\" src=\"https:\/\/romatransfer.it\/wp-content\/uploads\/macchine-servizi-e-tariffe-ncc-roma-renault-trafic.png\" class=\"attachment-original size-original\" alt=\"\" srcset=\"https:\/\/romatransfer.it\/wp-content\/uploads\/macchine-servizi-e-tariffe-ncc-roma-renault-trafic.png 380w, https:\/\/romatransfer.it\/wp-content\/uploads\/macchine-servizi-e-tariffe-ncc-roma-renault-trafic-300x198.png 300w\" sizes=\"auto, (max-width: 380px) 100vw, 380px\" title=\"\">\t\t\t\t\t\t\n\t\t\t\t\t<\/div>\n\t\t\t\t\t\t\t\t\n<style>\n#image_320933181 {\n  width: 100%;\n}\n<\/style>\n\t<\/div>\n\t\n\t<div id=\"text-330781669\" class=\"text\">\n\t\t\n<p class=\"alt-font\"><strong><span style=\"font-size: 130%;\">Minibus Trafic<\/span><\/strong><\/p>\n<p class=\"alt-font\"><span data-text-color=\"primary\"><strong>da 7 a 8 persone<\/strong><\/span><\/p>\n\t\t\n<style>\n#text-330781669 {\n  line-height: 1;\n  text-align: center;\n}\n<\/style>\n\t<\/div>\n\t\n\t\t<\/div>\n\t\t\t\t\t<\/div>\n\n\t\n\n<style>\n#row-624558884 > .col > .col-inner {\n  padding: 20px 0px 0px 0px;\n}\n<\/style>\n<\/div>\n\t\t<\/div>\n\n\t\t\n<style>\n#section_1978136671 {\n  padding-top: 30px;\n  padding-bottom: 30px;\n}\n#section_1978136671 .section-bg-overlay {\n  background-color: rgb(231, 231, 231);\n}\n<\/style>\n\t<\/section>\n\t\n<div class=\"row\"  id=\"row-59084065\">\n\n\t<div id=\"col-2111535975\" class=\"col small-12 large-12\"  >\n\t\t\t\t<div class=\"col-inner\"  >\n\t\t\t\n\t\t\t\n\t<div id=\"text-649584888\" class=\"text\">\n\t\t\n<p class=\"alt-font\"><span data-text-color=\"primary\">I vantaggi di prenotare in anticipo il tuo transfer to Civitavecchia<\/span><\/p>\n\t\t\n<style>\n#text-649584888 {\n  font-size: 1.4rem;\n  text-align: center;\n}\n<\/style>\n\t<\/div>\n\t\n<p>Sono innumerevoli i vantaggi di prenotare in anticipo il transfer Roma Civitavecchia con la nostra agenzia NCC. Il primo beneficio \u00e8 quello di conoscere fin da subito il prezzo del tuo viaggio. Potrai scegliere di prenotare una berlina, che ospita fino a 3, oppure puoi scegliere uno spazioso minivan che pu\u00f2 contenere fino a 8 pax. Per ogni passeggero potr\u00e0 trasportare con s\u00e9 fino ad un massimo di 4 valigie.<\/p>\n<p>Prenotare in anticipo significa anche non dover attendere un mezzo di trasporto. Non ci saranno attese, il tuo autista sar\u00e0 pronto a farti salire a bordo immediatamente. Non dovrai pensare alle file per un taxi o cercare un mezzo pubblico che ti porti a destinazione.<br \/>\nApprofitta del nostro transfer Civitavecchia e avrai un servizio tutto incluso, a prezzo fisso e senza nessuna sorprese. Il pi\u00f9 grande vantaggio di affidarti a Romatranfer.it \u00e8 quello di avere in chiaro tutte le tariffe per i transfer Porto di Civitavecchia comprese di tasse locali, pedaggi, parcheggi e IVA.<\/p>\n\t\t<\/div>\n\t\t\t\t\t<\/div>\n\n\t\n<\/div>\n<div class=\"row row-large align-center hide-for-small\"  id=\"row-1434130261\">\n\n\t<div id=\"col-1502848053\" class=\"col medium-6 small-11 large-6\"  >\n\t\t\t\t<div class=\"col-inner\"  >\n\t\t\t\n\t\t\t\n\t<div id=\"text-665608897\" class=\"text\">\n\t\t\n<p><span data-text-color=\"primary\"><strong>Transfer da\/per<\/strong><\/span><br \/>\n\t\t\n<style>\n#text-665608897 {\n  font-size: 1.4rem;\n}\n<\/style>\n\t<\/div>\n\t\n\t<div id=\"text-2209024491\" class=\"text\">\n\t\t\n<div class=\"col-md-5\"><span class=\"Titolo2\">Porto Civitavecchia-Roma<\/span><\/div>\n\t\t\n<style>\n#text-2209024491 {\n  font-size: 1.4rem;\n}\n<\/style>\n\t<\/div>\n\t\n\t\t<\/div>\n\t\t\t\t\t<\/div>\n\n\t\n\n\t<div id=\"col-1840838748\" class=\"col medium-2 small-4 large-2\"  >\n\t\t\t\t<div class=\"col-inner\"  >\n\t\t\t\n\t\t\t\n\t<div id=\"text-3850145990\" class=\"text\">\n\t\t\n<p><span data-text-color=\"primary\"><strong>1-2 pax<\/strong><\/span><br \/>\n\t\t\n<style>\n#text-3850145990 {\n  font-size: 1.4rem;\n  text-align: center;\n}\n<\/style>\n\t<\/div>\n\t\n\t<div id=\"text-414933633\" class=\"text\">\n\t\t\n<p>\u20ac 140<br \/>\n\t\t\n<style>\n#text-414933633 {\n  font-size: 1.4rem;\n  text-align: center;\n}\n<\/style>\n\t<\/div>\n\t\n\t\t<\/div>\n\t\t\t\t\t<\/div>\n\n\t\n\n\t<div id=\"col-916455201\" class=\"col medium-2 small-4 large-2\"  >\n\t\t\t\t<div class=\"col-inner\"  >\n\t\t\t\n\t\t\t\n\t<div id=\"text-1421621412\" class=\"text\">\n\t\t\n<p><span data-text-color=\"primary\"><strong>4-6 pax<\/strong><\/span><br \/>\n\t\t\n<style>\n#text-1421621412 {\n  font-size: 1.4rem;\n  text-align: center;\n}\n<\/style>\n\t<\/div>\n\t\n\t<div id=\"text-2338360765\" class=\"text\">\n\t\t\n<p>\u20ac 160<br \/>\n\t\t\n<style>\n#text-2338360765 {\n  font-size: 1.4rem;\n  text-align: center;\n}\n<\/style>\n\t<\/div>\n\t\n\t\t<\/div>\n\t\t\t\t\t<\/div>\n\n\t\n\n\t<div id=\"col-341002203\" class=\"col medium-2 small-4 large-2\"  >\n\t\t\t\t<div class=\"col-inner\"  >\n\t\t\t\n\t\t\t\n\t<div id=\"text-30627082\" class=\"text\">\n\t\t\n<p><span data-text-color=\"primary\"><strong>7-8 pax<\/strong><\/span><br \/>\n\t\t\n<style>\n#text-30627082 {\n  font-size: 1.4rem;\n  text-align: center;\n}\n<\/style>\n\t<\/div>\n\t\n\t<div id=\"text-597579701\" class=\"text\">\n\t\t\n<p>\u20ac 180<br \/>\n\t\t\n<style>\n#text-597579701 {\n  font-size: 1.4rem;\n  text-align: center;\n}\n<\/style>\n\t<\/div>\n\t\n\t\t<\/div>\n\t\t\t\t\t<\/div>\n\n\t\n\n<style>\n#row-1434130261 > .col > .col-inner {\n  padding: 30px 0px 0px 0px;\n}\n<\/style>\n<\/div>\n<div class=\"row row-small show-for-small\"  id=\"row-984735813\">\n\n\t<div id=\"col-1081890388\" class=\"col medium-4 small-12 large-3\"  >\n\t\t\t\t<div class=\"col-inner\"  >\n\t\t\t\n\t\t\t\n\t<div id=\"text-1782095803\" class=\"text\">\n\t\t\n<p><span data-text-color=\"primary\"><strong>Transfer da\/per<\/strong><\/span><br \/>\n\t\t\n<style>\n#text-1782095803 {\n  font-size: 1.2rem;\n  text-align: center;\n}\n<\/style>\n\t<\/div>\n\t\n\t\t<\/div>\n\t\t\t\t\t<\/div>\n\n\t\n\n\t<div id=\"col-1806438477\" class=\"col medium-3 small-4 large-3\"  >\n\t\t\t\t<div class=\"col-inner\"  >\n\t\t\t\n\t\t\t\n\t<div id=\"text-4102654271\" class=\"text\">\n\t\t\n<p><span data-text-color=\"primary\"><strong>1-3 pax<\/strong><\/span><br \/>\n\t\t\n<style>\n#text-4102654271 {\n  font-size: 1.2rem;\n  text-align: center;\n}\n<\/style>\n\t<\/div>\n\t\n\t\t<\/div>\n\t\t\t\t\t<\/div>\n\n\t\n\n\t<div id=\"col-1324433465\" class=\"col medium-2 small-4 large-3\"  >\n\t\t\t\t<div class=\"col-inner\"  >\n\t\t\t\n\t\t\t\n\t<div id=\"text-2913974300\" class=\"text\">\n\t\t\n<p><span data-text-color=\"primary\"><strong>4-6 pax<\/strong><\/span><br \/>\n\t\t\n<style>\n#text-2913974300 {\n  font-size: 1.2rem;\n  text-align: center;\n}\n<\/style>\n\t<\/div>\n\t\n\t\t<\/div>\n\t\t\t\t\t<\/div>\n\n\t\n\n\t<div id=\"col-449746092\" class=\"col medium-3 small-4 large-3\"  >\n\t\t\t\t<div class=\"col-inner\"  >\n\t\t\t\n\t\t\t\n\t<div id=\"text-1446679745\" class=\"text\">\n\t\t\n<p><span data-text-color=\"primary\"><strong>7-9 pax<\/strong><\/span><br \/>\n\t\t\n<style>\n#text-1446679745 {\n  font-size: 1.2rem;\n  text-align: center;\n}\n<\/style>\n\t<\/div>\n\t\n\t\t<\/div>\n\t\t\t\t\t<\/div>\n\n\t\n\n\t<div id=\"col-384684787\" class=\"col medium-4 small-12 large-3\"  >\n\t\t\t\t<div class=\"col-inner\"  >\n\t\t\t\n\t\t\t\n\t<div id=\"text-3362216412\" class=\"text\">\n\t\t\n<p><strong>Porto Civitavecchia-Roma<\/strong><br \/>\n\t\t\n<style>\n#text-3362216412 {\n  font-size: 1.2rem;\n  line-height: 0.75;\n  text-align: center;\n}\n<\/style>\n\t<\/div>\n\t\n\t\t<\/div>\n\t\t\t\t\t<\/div>\n\n\t\n\n\t<div id=\"col-934176941\" class=\"col medium-3 small-4 large-3\"  >\n\t\t\t\t<div class=\"col-inner\"  >\n\t\t\t\n\t\t\t\n\t<div id=\"text-3947314067\" class=\"text\">\n\t\t\n<p>\u20ac 140<br \/>\n\t\t\n<style>\n#text-3947314067 {\n  font-size: 1.2rem;\n  text-align: center;\n}\n<\/style>\n\t<\/div>\n\t\n\t\t<\/div>\n\t\t\t\t\t<\/div>\n\n\t\n\n\t<div id=\"col-1475438647\" class=\"col medium-3 small-4 large-3\"  >\n\t\t\t\t<div class=\"col-inner\"  >\n\t\t\t\n\t\t\t\n\t<div id=\"text-1498978546\" class=\"text\">\n\t\t\n<p>\u20ac 160<br \/>\n\t\t\n<style>\n#text-1498978546 {\n  font-size: 1.2rem;\n  text-align: center;\n}\n<\/style>\n\t<\/div>\n\t\n\t\t<\/div>\n\t\t\t\t\t<\/div>\n\n\t\n\n\t<div id=\"col-1030542522\" class=\"col medium-2 small-4 large-3\"  >\n\t\t\t\t<div class=\"col-inner\"  >\n\t\t\t\n\t\t\t\n\t<div id=\"text-372876164\" class=\"text\">\n\t\t\n<p>\u20ac 180<br \/>\n\t\t\n<style>\n#text-372876164 {\n  font-size: 1.2rem;\n  text-align: center;\n}\n<\/style>\n\t<\/div>\n\t\n\t\t<\/div>\n\t\t\t\t\t<\/div>\n\n\t\n<\/div>\n<div class=\"row\"  id=\"row-1984763940\">\n\n\t<div id=\"col-509388666\" class=\"col small-12 large-12\"  >\n\t\t\t\t<div class=\"col-inner text-center\"  >\n\t\t\t\n\t\t\t\n\t<div id=\"text-3334823912\" class=\"text\">\n\t\t\n<p class=\"alt-font\" style=\"text-align: center;\"><strong>Prenota subito il tuo transfers Civitavecchia e rilassati con noi, non te ne pentirai!<\/strong><\/p>\n\t\t\n<style>\n#text-3334823912 {\n  font-size: 1.4rem;\n}\n<\/style>\n\t<\/div>\n\t\n<a href=\"https:\/\/romatransfer.it\/#booking\" class=\"button success is-large\" style=\"border-radius:10px;\">\n\t\t<span>Prenota il transfer Civitavecchia<\/span>\n\t<\/a>\n\n\t\t<\/div>\n\t\t\t\t\t<\/div>\n\n\t\n<\/div>\n","protected":false},"excerpt":{"rendered":"","protected":false},"author":6,"featured_media":0,"parent":0,"menu_order":0,"comment_status":"closed","ping_status":"closed","template":"page-blank.php","meta":{"inline_featured_image":false,"footnotes":""},"class_list":["post-1055","page","type-page","status-publish","hentry"],"_links":{"self":[{"href":"https:\/\/romatransfer.it\/en\/wp-json\/wp\/v2\/pages\/1055","targetHints":{"allow":["GET"]}}],"collection":[{"href":"https:\/\/romatransfer.it\/en\/wp-json\/wp\/v2\/pages"}],"about":[{"href":"https:\/\/romatransfer.it\/en\/wp-json\/wp\/v2\/types\/page"}],"author":[{"embeddable":true,"href":"https:\/\/romatransfer.it\/en\/wp-json\/wp\/v2\/users\/6"}],"replies":[{"embeddable":true,"href":"https:\/\/romatransfer.it\/en\/wp-json\/wp\/v2\/comments?post=1055"}],"version-history":[{"count":3,"href":"https:\/\/romatransfer.it\/en\/wp-json\/wp\/v2\/pages\/1055\/revisions"}],"predecessor-version":[{"id":1058,"href":"https:\/\/romatransfer.it\/en\/wp-json\/wp\/v2\/pages\/1055\/revisions\/1058"}],"wp:attachment":[{"href":"https:\/\/romatransfer.it\/en\/wp-json\/wp\/v2\/media?parent=1055"}],"curies":[{"name":"wp","href":"https:\/\/api.w.org\/{rel}","templated":true}]}}